{"id":10438,"date":"2025-07-04T08:38:13","date_gmt":"2025-07-04T06:38:13","guid":{"rendered":"https:\/\/fundacionfelipegonzalez-stg.servidortemporal.net\/construir\/"},"modified":"2025-07-04T08:38:13","modified_gmt":"2025-07-04T06:38:13","slug":"construir","status":"publish","type":"page","link":"https:\/\/fundacionfelipegonzalez.org\/gl\/construir\/","title":{"rendered":"Construir"},"content":{"rendered":"<div id=\"M01-block_5bf0d88e38c0132fa14c66b5749ad9ee\" class=\"M01\">\r        <div class=\"About \">\r        <article class=\"opening-block cover cover-black \" style=\"background-image: url('https:\/\/fundacionfelipegonzalez.org\/wp-content\/uploads\/2025\/07\/construir-1599x899-1.jpg');\" data-src=\"\" data-width=\" 1019\" data-height=\" 572\">\r            <div class=\"article-wrapper\">\r                <div class=\"article-container\">\r                    <header>\r                        <div class=\"h1\">\r                            <h1>CONSTRUIR<\/h1>\n                        <\/div>\r                        <div class=\"h3\">\r                            <h2>UNA FUNDACI\u00d3N EN PERMANENTE CONSTRUCCI\u00d3N<\/h2>\n                        <\/div>\r                    <\/header>\r                    <div class=\"summary\">\r                        <p>Trabajamos para poner al alcance de todos el conocimiento y la experiencia del pasado para que la sociedad pueda, con las herramientas del presente, desarrollar oportunidades de futuro.<\/p>\n                    <\/div>\r                <\/div>\r                            <\/div>\r        <\/article>\r    <\/div>\r    \r        <style>\r\n    #M01-block_5bf0d88e38c0132fa14c66b5749ad9ee {\r\n        margin-top:px;\r\n        margin-bottom:px;\r\n        padding-top:px;\r\n        padding-bottom:px\r\n    }\r\n    @media screen and (max-width: 768px) {\r\n    #M01-block_5bf0d88e38c0132fa14c66b5749ad9ee {\r\n        margin-top:px;\r\n        margin-bottom:px;\r\n        padding-top:px;\r\n        padding-bottom:px;\r\n    }\r\n    }\r\n<\/style><\/div>\n\n<div id=\"nuestrahistoria\" class=\"M11\">\r        <article class=\"article blockquote-article blockquote-right\" style=\"background-image: url(https:\/\/fundacionfelipegonzalez.org\/wp-content\/uploads\/2025\/07\/fondoPorque-1019x572-1.jpg);\">\r        <div class=\"article-wrapper\">\r            <div class=\"article-container\">\r                <header>\r                    <div class=\"h2\">\r                        <h2>Nuestra historia<\/h2>\n                    <\/div>\r                    <div class=\"h1\">\r                        <h3>La g\u00e9nesis de la Fundaci\u00f3n<\/h3>\n                    <\/div>\r                <\/header>\r                <div id=\"\" class=\"summary \">\r                    <p>En el a\u00f1o 2011 los cineastas Luc\u00eda Palacios y Dietmar Post se encontraban inmersos en la grabaci\u00f3n de un documental sobre los pueblos de colonizaci\u00f3n del franquismo titulado\u00a0<i>Los colonos del caudillo<\/i>. En el marco de este proyecto solicitaron una entrevista con Felipe Gonz\u00e1lez que su hija Mar\u00eda gestion\u00f3 coincidiendo con una visita del expresidente a Berl\u00edn. Una vez terminaron de grabar, Post pregunt\u00f3 a Gonz\u00e1lez si ten\u00eda la intenci\u00f3n de escribir sus memorias, una pregunta que ya le hab\u00edan realizado en anteriores ocasiones. Este contest\u00f3 que hab\u00eda muchos asuntos en el presente y retos en el futuro que le interesaban mucho m\u00e1s que enterrarse unos a\u00f1os bajo un mont\u00f3n de papeles.<\/p>\n<p>A los pocos d\u00edas, no conforme con aquella respuesta, Post decidi\u00f3 escribir un correo electr\u00f3nico a Mar\u00eda para insistir en la idea de que deb\u00eda convencer a su padre para que escribiese sus memorias.<\/p>\n<p>Esa entrevista y ese correo electr\u00f3nico sirvieron como palanca para iniciar una reflexi\u00f3n sobre el legado de los expresidentes del gobierno y de la documentaci\u00f3n generada tanto como Presidentes del Gobierno como durante el conjunto de su actividad p\u00fablica. La Fundaci\u00f3n Felipe Gonz\u00e1lez nace con la creencia de que esos papeles son parte de nuestra historia colectiva y, con esa convicci\u00f3n, trabaja para publicarlos, compartirlos y permitir que el conjunto de ciudadanos pueda conocerlos, consultarlos, valorarlos y criticarlos.<\/p>\n<p>Sin embargo, la Fundaci\u00f3n no podr\u00eda entenderse sin la convicci\u00f3n simult\u00e1nea de que puede y debe contribuir a generar proyectos de futuro. Toda la trayectoria pol\u00edtica y personal de Felipe Gonz\u00e1lez ha estado marcada por una idea: M\u00e1s progreso para todos, una idea que se resume en nuestro logotipo \u201cM\u00e1s\/Igual\u201d. En torno a ese prop\u00f3sito, el de generar m\u00e1s igualdad y m\u00e1s progreso, se construye el otro pilar de la Fundaci\u00f3n: una incubadora de ideas y un acelerador de proyectos que quiere contribuir a comprender mejor nuestra sociedad, que quiere ayudar a hacernos mejores preguntas y encontrar mejores respuestas.<\/p>\n                <\/div>\r            <\/div>\r                        <div class=\"aside\">\r                <blockquote id=\"blockquote\" data-flag=\"on\" data-order=\"shift\">\r                    <div class=\"blockquote-container\">\r                        <div class=\"blockquote-content\">\r                            <div class=\"p\"><p>Legado. Del lat\u00edn\u00a0<i>Legatum<\/i>. Aquello que se deja o transmite a los sucesores, sea cosa material o inmaterial.<\/p>\n<p>Difundir. Del lat\u00edn\u00a0<i>Diffundere<\/i>. Propagar o divulgar conocimientos, noticias, actitudes, costumbres.<\/p>\n<\/div>\r                        <\/div>\r                    <\/div>\r                <\/blockquote>\r            <\/div>\r                    <\/div>\r    <\/article>\r        <style>\r\n    #nuestrahistoria {\r\n        margin-top:px;\r\n        margin-bottom:px;\r\n        padding-top:px;\r\n        padding-bottom:px\r\n    }\r\n    @media screen and (max-width: 768px) {\r\n    #nuestrahistoria {\r\n        margin-top:px;\r\n        margin-bottom:px;\r\n        padding-top:px;\r\n        padding-bottom:px;\r\n    }\r\n    }\r\n<\/style><\/div>\r\r\n\n<div id=\"M08-block_35ea91328d4966b45ece1ffd82750bba\" class=\"M08\">\r\n            <article id=\"\" class=\"article gray-background media-side media-left\">\r\n            <div class=\"article-wrapper\">\r\n                <div class=\"article-container\">\r\n                    <header>\r\n                        <div class=\"h1\">\r\n                            <h2>Conoce nuestro proyecto<\/h2>\n                        <\/div>\r\n                    <\/header>\r\n                    <div id=\"\" class=\"summary\">\r\n                        <p>Construir, aprender e innovar son los pilares que nos gu\u00edan en la construcci\u00f3n de la Fundaci\u00f3n. Creemos en el trabajo en equipo y nos rodeamos de colaboradores y socios que nos ayudan a desarrollar proyectos que aporten reflexi\u00f3n, innovaci\u00f3n y conocimiento.<\/p>\n                    <\/div>\r\n                <\/div>\r\n                                    <div class=\"media video\">\r\n                                                <a href=\"#\" id=\"\" class=\"video-shifter\" data-type=\"shifter\" data-ref=\"lightbox_videoM08-block_35ea91328d4966b45ece1ffd82750bba0\" data-subtype=\"dynamizer\" data-id=\"lightbox_videoM08-block_35ea91328d4966b45ece1ffd82750bba0\">\r\n                                                        <span>\r\n                            <img decoding=\"async\" src=\"https:\/\/fundacionfelipegonzalez.org\/wp-content\/uploads\/2025\/07\/video2-1019x572-1.jpg\" alt=\"video2-1019x572\">\r\n                        <\/span>\r\n                                                    <\/a>\r\n                                        <\/div>\r\n                            <\/div>\r\n            <!-- Lightbox -->\r\n                                <div id=\"lightbox_videoM08-block_35ea91328d4966b45ece1ffd82750bba0\" class=\"lightbox lightbox-video\" data-id=\"lightbox_videoM08-block_35ea91328d4966b45ece1ffd82750bba0\" data-set=\"\" data-flag=\"off\" data-order=\"shift\">\r\n                        <div class=\"inner-container container\">\r\n                            <button class=\"closer\" data-type=\"shifter\" data-ref=\"lightbox_videoM08-block_35ea91328d4966b45ece1ffd82750bba0\" data-subtype=\"dynamizer\" data-id=\"lightbox_videoM08-block_35ea91328d4966b45ece1ffd82750bba0\">\r\n                                <span>Cerrar<\/span>\r\n                            <\/button>\r\n                            <div id=\"lightbox_videoM08-block_35ea91328d4966b45ece1ffd82750bba0_container\" class=\"lightbox-content\">\r\n                                <div id=\"lightbox_video_wrapperM08-block_35ea91328d4966b45ece1ffd82750bba0\" class=\"video-wrapper\">\r\n                                    <iframe loading=\"lazy\" title=\"Conoce la Fundaci\u00f3n Felipe Gonz\u00e1lez\" src=\"https:\/\/player.vimeo.com\/video\/210274084?dnt=1&amp;app_id=122963\" width=\"640\" height=\"360\" frameborder=\"0\" allow=\"autoplay; fullscreen; picture-in-picture; clipboard-write; encrypted-media; web-share\" referrerpolicy=\"strict-origin-when-cross-origin\"><\/iframe>                                <\/div>\r\n                            <\/div>\r\n                        <\/div>\r\n                    <\/div>\r\n                            <!-- Fin Lightbox -->\r\n        <\/article>\r\n        <style>\r\n    #M08-block_35ea91328d4966b45ece1ffd82750bba {\r\n        margin-top:px;\r\n        margin-bottom:px;\r\n        padding-top:px;\r\n        padding-bottom:px\r\n    }\r\n    @media screen and (max-width: 768px) {\r\n    #M08-block_35ea91328d4966b45ece1ffd82750bba {\r\n        margin-top:px;\r\n        margin-bottom:px;\r\n        padding-top:px;\r\n        padding-bottom:px;\r\n    }\r\n    }\r\n<\/style><\/div>\r\n\n\n<div id=\"M09-block_5e5cde765d115a488d8d01541e5676f1\" class=\"M09\">\r        <a name=\"objetivos\"><\/a>\r    <div id=\"nuestros-objectivos\" class=\"targets-section\" data-flag=\"off\" data-order=\"shift\">\r        <article class=\"article no-cover\" style=\"background-image: url();\" data-src=\"\" data-width=\"1599 1019\" data-height=\"899 572\">\r            <div class=\"article-wrapper\">\r                <div class=\"article-container\">\r                    <header>\r                        <div class=\"highlight-h2 h2\">\r                            <h2>NUESTROS OBJETIVOS<\/h2>\n                        <\/div>\r                        <div class=\"h1\">\r                            <h3>Aprender del pasado, aportar al futuro<\/h3>\n                        <\/div>\r                    <\/header>\r                    <div id=\"\" class=\"summary \">\r                        <p>Gestionamos el archivo de Felipe Gonz\u00e1lez con un objetivo innovador: ponerlo a disposici\u00f3n de todos los ciudadanos. Organizamos y apoyamos actividades y proyectos que contribuyan al progreso y ofrezcan herramientas para enfrentarnos como sociedad a los enormes retos del siglo XXI.<\/p>\n                    <\/div>\r                <\/div>\r            <\/div>\r        <\/article>\r        <article class=\"list-article\">\r            <div class=\"container\">\r                <ol>\r                                            <li>\r                            <p>Ofrecer respuestas a los retos pol\u00edticos y sociales del siglo XXI compatibilizando progreso, modernizaci\u00f3n y promoci\u00f3n de la igualdad.<\/p>\n                        <\/li>\r                                            <li>\r                            <p>Dar acceso a los ciudadanos a un archivo de enorme importancia sobre un per\u00edodo fundamental de la historia de Espa\u00f1a.<\/p>\n                        <\/li>\r                                            <li>\r                            <p>Favorecer un mayor y mejor conocimiento de la pol\u00edtica espa\u00f1ola e internacional y de cuestiones esenciales de nuestro tiempo.<\/p>\n                        <\/li>\r                                    <\/ol>\r            <\/div>\r        <\/article>\r    <\/div>\r        <style>\r\n    #M09-block_5e5cde765d115a488d8d01541e5676f1 {\r\n        margin-top:px;\r\n        margin-bottom:px;\r\n        padding-top:px;\r\n        padding-bottom:px\r\n    }\r\n    @media screen and (max-width: 768px) {\r\n    #M09-block_5e5cde765d115a488d8d01541e5676f1 {\r\n        margin-top:px;\r\n        margin-bottom:px;\r\n        padding-top:px;\r\n        padding-bottom:px;\r\n    }\r\n    }\r\n<\/style><\/div>\r\r\n\n<div id=\"M10-block_aee45115fcf02f87419cfdbf34780ef6\" class=\"M10\">\r        <a name=\"valores\"><\/a>\r    <article id=\"nuestros-valores\" class=\"article graph-article\">\r        <div class=\"container\">\r            <div class=\"highlight-h2 h2\">\r                <h2>NUESTROS VALORES<\/h2>\n            <\/div>\r            <div class=\"values-list\">\r                <ul>\r\n                    <li class=\"referencia\"><span>Referencia<\/span><\/li>\r\n                    <li class=\"empatia\"><span>Empat\u00eda<\/span><\/li>\r\n                    <li class=\"responsibilidad\"><span>Responsabilidad<\/span><\/li>\r\n                    <li class=\"accesibilidad\"><span>Accesibilidad<\/span><\/li>\r\n                    <li class=\"intergeneracional\"><span>Intergeneracional<\/span><\/li>\r\n                    <li class=\"rigor\"><span>Rigor<\/span><\/li>\r\n                    <li class=\"innovacion\"><span>Innovaci\u00f3n<\/span><\/li>\r\n                    <li class=\"compromiso\"><span>Compromiso<\/span><\/li>\r\n                    <li class=\"transparencia\"><span>Transparencia<\/span><\/li>\r\n                <\/ul>            <\/div>\r        <\/div>\r    <\/article>\r        <style>\r\n    #M10-block_aee45115fcf02f87419cfdbf34780ef6 {\r\n        margin-top:px;\r\n        margin-bottom:px;\r\n        padding-top:px;\r\n        padding-bottom:px\r\n    }\r\n    @media screen and (max-width: 768px) {\r\n    #M10-block_aee45115fcf02f87419cfdbf34780ef6 {\r\n        margin-top:px;\r\n        margin-bottom:px;\r\n        padding-top:px;\r\n        padding-bottom:px;\r\n    }\r\n    }\r\n<\/style><\/div>\r\r","protected":false},"excerpt":{"rendered":"","protected":false},"author":2,"featured_media":0,"parent":0,"menu_order":0,"comment_status":"closed","ping_status":"closed","template":"","meta":{"_acf_changed":false,"footnotes":""},"class_list":["post-10438","page","type-page","status-publish","hentry"],"acf":[],"yoast_head":"<!-- This site is optimized with the Yoast SEO plugin v27.5 - https:\/\/yoast.com\/product\/yoast-seo-wordpress\/ -->\n<title>Construir - Fundaci\u00f3n Felipe Gonz\u00e1lez<\/title>\n<meta name=\"robots\" content=\"index, follow, max-snippet:-1, max-image-preview:large, max-video-preview:-1\" \/>\n<link rel=\"canonical\" href=\"https:\/\/fundacionfelipegonzalez.org\/gl\/construir\/\" \/>\n<meta property=\"og:locale\" content=\"gl_ES\" \/>\n<meta property=\"og:type\" content=\"article\" \/>\n<meta property=\"og:title\" content=\"Construir - Fundaci\u00f3n Felipe Gonz\u00e1lez\" \/>\n<meta property=\"og:url\" content=\"https:\/\/fundacionfelipegonzalez.org\/gl\/construir\/\" \/>\n<meta property=\"og:site_name\" content=\"Fundaci\u00f3n Felipe Gonz\u00e1lez\" \/>\n<meta name=\"twitter:card\" content=\"summary_large_image\" \/>\n<script type=\"application\/ld+json\" class=\"yoast-schema-graph\">{\"@context\":\"https:\\\/\\\/schema.org\",\"@graph\":[{\"@type\":\"WebPage\",\"@id\":\"https:\\\/\\\/fundacionfelipegonzalez.org\\\/gl\\\/construir\\\/\",\"url\":\"https:\\\/\\\/fundacionfelipegonzalez.org\\\/gl\\\/construir\\\/\",\"name\":\"Construir - Fundaci\u00f3n Felipe Gonz\u00e1lez\",\"isPartOf\":{\"@id\":\"https:\\\/\\\/fundacionfelipegonzalez.org\\\/gl\\\/#website\"},\"datePublished\":\"2025-07-04T06:38:13+00:00\",\"breadcrumb\":{\"@id\":\"https:\\\/\\\/fundacionfelipegonzalez.org\\\/gl\\\/construir\\\/#breadcrumb\"},\"inLanguage\":\"gl-ES\",\"potentialAction\":[{\"@type\":\"ReadAction\",\"target\":[\"https:\\\/\\\/fundacionfelipegonzalez.org\\\/gl\\\/construir\\\/\"]}]},{\"@type\":\"BreadcrumbList\",\"@id\":\"https:\\\/\\\/fundacionfelipegonzalez.org\\\/gl\\\/construir\\\/#breadcrumb\",\"itemListElement\":[{\"@type\":\"ListItem\",\"position\":1,\"name\":\"Portada\",\"item\":\"https:\\\/\\\/fundacionfelipegonzalez.org\\\/gl\\\/\"},{\"@type\":\"ListItem\",\"position\":2,\"name\":\"Construir\"}]},{\"@type\":\"WebSite\",\"@id\":\"https:\\\/\\\/fundacionfelipegonzalez.org\\\/gl\\\/#website\",\"url\":\"https:\\\/\\\/fundacionfelipegonzalez.org\\\/gl\\\/\",\"name\":\"Fundaci\u00f3n Felipe Gonz\u00e1lez\",\"description\":\"\",\"publisher\":{\"@id\":\"https:\\\/\\\/fundacionfelipegonzalez.org\\\/gl\\\/#organization\"},\"potentialAction\":[{\"@type\":\"SearchAction\",\"target\":{\"@type\":\"EntryPoint\",\"urlTemplate\":\"https:\\\/\\\/fundacionfelipegonzalez.org\\\/gl\\\/?s={search_term_string}\"},\"query-input\":{\"@type\":\"PropertyValueSpecification\",\"valueRequired\":true,\"valueName\":\"search_term_string\"}}],\"inLanguage\":\"gl-ES\"},{\"@type\":\"Organization\",\"@id\":\"https:\\\/\\\/fundacionfelipegonzalez.org\\\/gl\\\/#organization\",\"name\":\"Fundaci\u00f3n Felipe Gonz\u00e1lez\",\"url\":\"https:\\\/\\\/fundacionfelipegonzalez.org\\\/gl\\\/\",\"logo\":{\"@type\":\"ImageObject\",\"inLanguage\":\"gl-ES\",\"@id\":\"https:\\\/\\\/fundacionfelipegonzalez.org\\\/gl\\\/#\\\/schema\\\/logo\\\/image\\\/\",\"url\":\"https:\\\/\\\/fundacionfelipegonzalez.org\\\/wp-content\\\/uploads\\\/2025\\\/07\\\/logo.png\",\"contentUrl\":\"https:\\\/\\\/fundacionfelipegonzalez.org\\\/wp-content\\\/uploads\\\/2025\\\/07\\\/logo.png\",\"width\":675,\"height\":170,\"caption\":\"Fundaci\u00f3n Felipe Gonz\u00e1lez\"},\"image\":{\"@id\":\"https:\\\/\\\/fundacionfelipegonzalez.org\\\/gl\\\/#\\\/schema\\\/logo\\\/image\\\/\"}}]}<\/script>\n<!-- \/ Yoast SEO plugin. -->","yoast_head_json":{"title":"Construir - Fundaci\u00f3n Felipe Gonz\u00e1lez","robots":{"index":"index","follow":"follow","max-snippet":"max-snippet:-1","max-image-preview":"max-image-preview:large","max-video-preview":"max-video-preview:-1"},"canonical":"https:\/\/fundacionfelipegonzalez.org\/gl\/construir\/","og_locale":"gl_ES","og_type":"article","og_title":"Construir - Fundaci\u00f3n Felipe Gonz\u00e1lez","og_url":"https:\/\/fundacionfelipegonzalez.org\/gl\/construir\/","og_site_name":"Fundaci\u00f3n Felipe Gonz\u00e1lez","twitter_card":"summary_large_image","schema":{"@context":"https:\/\/schema.org","@graph":[{"@type":"WebPage","@id":"https:\/\/fundacionfelipegonzalez.org\/gl\/construir\/","url":"https:\/\/fundacionfelipegonzalez.org\/gl\/construir\/","name":"Construir - Fundaci\u00f3n Felipe Gonz\u00e1lez","isPartOf":{"@id":"https:\/\/fundacionfelipegonzalez.org\/gl\/#website"},"datePublished":"2025-07-04T06:38:13+00:00","breadcrumb":{"@id":"https:\/\/fundacionfelipegonzalez.org\/gl\/construir\/#breadcrumb"},"inLanguage":"gl-ES","potentialAction":[{"@type":"ReadAction","target":["https:\/\/fundacionfelipegonzalez.org\/gl\/construir\/"]}]},{"@type":"BreadcrumbList","@id":"https:\/\/fundacionfelipegonzalez.org\/gl\/construir\/#breadcrumb","itemListElement":[{"@type":"ListItem","position":1,"name":"Portada","item":"https:\/\/fundacionfelipegonzalez.org\/gl\/"},{"@type":"ListItem","position":2,"name":"Construir"}]},{"@type":"WebSite","@id":"https:\/\/fundacionfelipegonzalez.org\/gl\/#website","url":"https:\/\/fundacionfelipegonzalez.org\/gl\/","name":"Fundaci\u00f3n Felipe Gonz\u00e1lez","description":"","publisher":{"@id":"https:\/\/fundacionfelipegonzalez.org\/gl\/#organization"},"potentialAction":[{"@type":"SearchAction","target":{"@type":"EntryPoint","urlTemplate":"https:\/\/fundacionfelipegonzalez.org\/gl\/?s={search_term_string}"},"query-input":{"@type":"PropertyValueSpecification","valueRequired":true,"valueName":"search_term_string"}}],"inLanguage":"gl-ES"},{"@type":"Organization","@id":"https:\/\/fundacionfelipegonzalez.org\/gl\/#organization","name":"Fundaci\u00f3n Felipe Gonz\u00e1lez","url":"https:\/\/fundacionfelipegonzalez.org\/gl\/","logo":{"@type":"ImageObject","inLanguage":"gl-ES","@id":"https:\/\/fundacionfelipegonzalez.org\/gl\/#\/schema\/logo\/image\/","url":"https:\/\/fundacionfelipegonzalez.org\/wp-content\/uploads\/2025\/07\/logo.png","contentUrl":"https:\/\/fundacionfelipegonzalez.org\/wp-content\/uploads\/2025\/07\/logo.png","width":675,"height":170,"caption":"Fundaci\u00f3n Felipe Gonz\u00e1lez"},"image":{"@id":"https:\/\/fundacionfelipegonzalez.org\/gl\/#\/schema\/logo\/image\/"}}]}},"_links":{"self":[{"href":"https:\/\/fundacionfelipegonzalez.org\/gl\/wp-json\/wp\/v2\/pages\/10438","targetHints":{"allow":["GET"]}}],"collection":[{"href":"https:\/\/fundacionfelipegonzalez.org\/gl\/wp-json\/wp\/v2\/pages"}],"about":[{"href":"https:\/\/fundacionfelipegonzalez.org\/gl\/wp-json\/wp\/v2\/types\/page"}],"author":[{"embeddable":true,"href":"https:\/\/fundacionfelipegonzalez.org\/gl\/wp-json\/wp\/v2\/users\/2"}],"replies":[{"embeddable":true,"href":"https:\/\/fundacionfelipegonzalez.org\/gl\/wp-json\/wp\/v2\/comments?post=10438"}],"version-history":[{"count":0,"href":"https:\/\/fundacionfelipegonzalez.org\/gl\/wp-json\/wp\/v2\/pages\/10438\/revisions"}],"wp:attachment":[{"href":"https:\/\/fundacionfelipegonzalez.org\/gl\/wp-json\/wp\/v2\/media?parent=10438"}],"curies":[{"name":"wp","href":"https:\/\/api.w.org\/{rel}","templated":true}]}}