{"id":10411,"date":"2025-07-08T07:43:11","date_gmt":"2025-07-08T05:43:11","guid":{"rendered":"https:\/\/fundacionfelipegonzalez-stg.servidortemporal.net\/cookies\/"},"modified":"2025-07-08T07:43:11","modified_gmt":"2025-07-08T05:43:11","slug":"cookies","status":"publish","type":"page","link":"https:\/\/fundacionfelipegonzalez.org\/gl\/cookies\/","title":{"rendered":"Cookies"},"content":{"rendered":"\n<p>En esta web recopilamos y utilizamos la informaci\u00f3n seg\u00fan indicamos en nuestra pol\u00edtica de privacidad. Una de las formas en las que recopilamos informaci\u00f3n es a trav\u00e9s del uso de la tecnolog\u00eda llamada \u201ccookies\u201d. Utilizamos cookies propias y no de terceros. Esta pol\u00edtica de cookies ha sido actualizada por \u00faltima vez el&nbsp;<strong>07\/01\/2021.<\/strong><\/p>\n\n\n\n<h2 class=\"wp-block-heading\"><\/h2>\n\n\n\n<h2 class=\"wp-block-heading\">\u00bfQu\u00e9 es una cookie?<\/h2>\n\n\n\n<p>Una \u201ccookie\u201d es una peque\u00f1a cantidad de texto que se almacena en su navegador (como Chrome de Google o Safari de Apple) cuando navega por la mayor\u00eda de los sitios web.<\/p>\n\n\n\n<h2 class=\"wp-block-heading\"><\/h2>\n\n\n\n<h2 class=\"wp-block-heading\">\u00bfQu\u00e9 NO es una cookie?<\/h2>\n\n\n\n<p>No es un virus, ni un troyano, ni un gusano, ni spam, ni spyware, ni abre ventanas pop-up.<\/p>\n\n\n\n<h2 class=\"wp-block-heading\"><\/h2>\n\n\n\n<h2 class=\"wp-block-heading\">\u00bfQu\u00e9 informaci\u00f3n almacena una cookie?<\/h2>\n\n\n\n<p>Las cookies no suelen almacenar informaci\u00f3n sensible sobre usted como tarjetas de cr\u00e9dito o datos bancarios, fotograf\u00edas o informaci\u00f3n personal, etc. Los datos que guardan son de car\u00e1cter t\u00e9cnico, estad\u00edsticos, preferencias personales, personalizaci\u00f3n de contenidos, etc.<\/p>\n\n\n\n<p>El servidor web no le asocia a usted como persona sino a su navegador web. De hecho, si usted navega habitualmente con el navegador Chrome y prueba a navegar por la misma web con el navegador Firefox, ver\u00e1 que la web no se da cuenta que es usted la misma persona porque en realidad est\u00e1 asociando la informaci\u00f3n al navegador, no a la persona.<\/p>\n\n\n\n<h2 class=\"wp-block-heading\"><\/h2>\n\n\n\n<h2 class=\"wp-block-heading\">\u00bfQu\u00e9 tipo de cookies existen?<\/h2>\n\n\n\n<ul class=\"wp-block-list\">\n<li>Cookies t\u00e9cnicas: Son las m\u00e1s elementales y permiten, entre otras cosas, saber cu\u00e1ndo est\u00e1 navegando un humano o una aplicaci\u00f3n automatizada, cu\u00e1ndo navega un usuario an\u00f3nimo y uno registrado, tareas b\u00e1sicas para el funcionamiento de cualquier web din\u00e1mica.<\/li>\n\n\n\n<li>Cookies de an\u00e1lisis: Recogen informaci\u00f3n sobre el tipo de navegaci\u00f3n que est\u00e1 realizando, las secciones que m\u00e1s utiliza, productos consultados, franja horaria de uso, idioma, etc.<\/li>\n\n\n\n<li>Cookies publicitarias: Muestran publicidad en funci\u00f3n de su navegaci\u00f3n, su pa\u00eds de procedencia, idioma, etc.<\/li>\n<\/ul>\n\n\n\n<h2 class=\"wp-block-heading\"><\/h2>\n\n\n\n<h2 class=\"wp-block-heading\">\u00bfQu\u00e9 son las cookies propias y las de terceros?<\/h2>\n\n\n\n<p>Las cookies propias son las generadas por la p\u00e1gina que est\u00e1 visitando y las de terceros son las generadas por servicios o proveedores externos como, ActiveCampaign, Mailchimp, Mailrelay, Facebook, Twitter, Google adsense, etc.<\/p>\n\n\n\n<h2 class=\"wp-block-heading\"><\/h2>\n\n\n\n<h2 class=\"wp-block-heading\">\u00bfQu\u00e9 cookies utiliza esta web?<\/h2>\n\n\n\n<p>Esta web utiliza cookies propias y no de terceros. En este sitio web se utilizan las cookies que se detallan a continuaci\u00f3n:<\/p>\n\n\n\n<figure class=\"wp-block-image\"><img decoding=\"async\" src=\"https:\/\/s1.fundacionfelipegonzalez.org\/wp-content\/uploads\/2021\/02\/Captura-de-pantalla-2021-02-16-a-las-13.11.23.png\" alt=\"\"\/><\/figure>\n\n\n\n<p>Si tiene alguna duda le rogamos nos remita un correo a dpo@fundacionfelipegonzalez.org y le responderemos lo antes posible.<\/p>\n\n\n\n<h2 class=\"wp-block-heading\">\u00bfSe pueden eliminar las cookies?<\/h2>\n\n\n\n<p>S\u00ed, y no s\u00f3lo eliminar, tambi\u00e9n bloquear, de forma general o particular para un dominio espec\u00edfico.<\/p>\n\n\n\n<p>Para eliminar las cookies de un sitio web debe ir a la configuraci\u00f3n de su navegador y all\u00ed podr\u00e1 buscar las asociadas al dominio en cuesti\u00f3n y proceder a su eliminaci\u00f3n.<\/p>\n\n\n\n<ul class=\"wp-block-list\">\n<li>Configuraci\u00f3n de cookies para<a href=\"https:\/\/support.google.com\/chrome\/answer\/95647?hl=en\">Google Chrome<\/a><\/li>\n\n\n\n<li>Configuraci\u00f3n de cookies para<a href=\"https:\/\/support.microsoft.com\/en-us\/kb\/260971\">Internet Explorer<\/a><\/li>\n\n\n\n<li>Configuraci\u00f3n de cookies para<a href=\"https:\/\/support.mozilla.org\/en-US\/kb\/cookies-information-websites-store-on-your-computer\">Mozilla Firefox<\/a><\/li>\n\n\n\n<li>Configuraci\u00f3n de cookies para<a href=\"https:\/\/support.apple.com\/kb\/PH5042?locale=en_US\">Safari (versi\u00f3n escritorio)<\/a>y<a href=\"https:\/\/support.apple.com\/en-us\/HT201265\">Safari (versi\u00f3n m\u00f3vil)<\/a><\/li>\n\n\n\n<li>Configuraci\u00f3n de cookies para<a href=\"http:\/\/support.google.com\/ics\/nexus\/bin\/answer.py?hl=en&amp;answer=2425067\">Navegador Android<\/a><\/li>\n\n\n\n<li>Configuraci\u00f3n de cookies para<a href=\"http:\/\/www.opera.com\/help\">Opera<\/a>y<a href=\"http:\/\/www.opera.com\/help\/mobile\/android#privacy\">Opera (versi\u00f3n m\u00f3vil)<\/a><\/li>\n<\/ul>\n\n\n\n<h2 class=\"wp-block-heading\"><\/h2>\n\n\n\n<h2 class=\"wp-block-heading\">M\u00e1s informaci\u00f3n sobre las cookies<\/h2>\n\n\n\n<p>Puede consultar el reglamento sobre cookies publicado por la Agencia Espa\u00f1ola de Protecci\u00f3n de Datos en su \u201c<a href=\"https:\/\/www.aepd.es\/es\/guias-y-herramientas\/guias\">Gu\u00eda sobre el uso de las cookies<\/a>\u201d y obtener m\u00e1s informaci\u00f3n sobre las cookies en Internet,&nbsp;<a href=\"http:\/\/www.aboutcookies.org\/\">http:\/\/www.aboutcookies.org\/<\/a><\/p>\n\n\n\n<p>Si desea tener un mayor control sobre la instalaci\u00f3n de cookies, puede instalar programas o complementos a su navegador, conocidos como herramientas de \u201cDo Not Track\u201d, que le permitir\u00e1n escoger aquellas cookies que desea aceptar.<\/p>\n","protected":false},"excerpt":{"rendered":"<p>En esta web recopilamos y utilizamos la informaci\u00f3n seg\u00fan indicamos en nuestra pol\u00edtica de privacidad. Una de las formas en las que recopilamos informaci\u00f3n es a trav\u00e9s del uso de la tecnolog\u00eda llamada \u201ccookies\u201d. Utilizamos cookies propias y no de terceros. Esta pol\u00edtica de cookies ha sido actualizada por \u00faltima vez el&nbsp;07\/01\/2021. \u00bfQu\u00e9 es una [&hellip;]<\/p>\n","protected":false},"author":2,"featured_media":0,"parent":0,"menu_order":0,"comment_status":"closed","ping_status":"closed","template":"page-templates\/template-legals.php","meta":{"_acf_changed":false,"footnotes":""},"class_list":["post-10411","page","type-page","status-publish","hentry"],"acf":[],"yoast_head":"<!-- This site is optimized with the Yoast SEO plugin v27.5 - https:\/\/yoast.com\/product\/yoast-seo-wordpress\/ -->\n<title>Cookies - Fundaci\u00f3n Felipe Gonz\u00e1lez<\/title>\n<meta name=\"robots\" content=\"index, follow, max-snippet:-1, max-image-preview:large, max-video-preview:-1\" \/>\n<link rel=\"canonical\" href=\"https:\/\/fundacionfelipegonzalez.org\/gl\/cookies\/\" \/>\n<meta property=\"og:locale\" content=\"gl_ES\" \/>\n<meta property=\"og:type\" content=\"article\" \/>\n<meta property=\"og:title\" content=\"Cookies - Fundaci\u00f3n Felipe Gonz\u00e1lez\" \/>\n<meta property=\"og:description\" content=\"En esta web recopilamos y utilizamos la informaci\u00f3n seg\u00fan indicamos en nuestra pol\u00edtica de privacidad. Una de las formas en las que recopilamos informaci\u00f3n es a trav\u00e9s del uso de la tecnolog\u00eda llamada \u201ccookies\u201d. Utilizamos cookies propias y no de terceros. Esta pol\u00edtica de cookies ha sido actualizada por \u00faltima vez el&nbsp;07\/01\/2021. \u00bfQu\u00e9 es una [&hellip;]\" \/>\n<meta property=\"og:url\" content=\"https:\/\/fundacionfelipegonzalez.org\/gl\/cookies\/\" \/>\n<meta property=\"og:site_name\" content=\"Fundaci\u00f3n Felipe Gonz\u00e1lez\" \/>\n<meta property=\"og:image\" content=\"https:\/\/s1.fundacionfelipegonzalez.org\/wp-content\/uploads\/2021\/02\/Captura-de-pantalla-2021-02-16-a-las-13.11.23.png\" \/>\n<meta name=\"twitter:card\" content=\"summary_large_image\" \/>\n<meta name=\"twitter:label1\" content=\"Tempo de lectura\" \/>\n\t<meta name=\"twitter:data1\" content=\"3 minutos\" \/>\n<script type=\"application\/ld+json\" class=\"yoast-schema-graph\">{\"@context\":\"https:\\\/\\\/schema.org\",\"@graph\":[{\"@type\":\"WebPage\",\"@id\":\"https:\\\/\\\/fundacionfelipegonzalez.org\\\/gl\\\/cookies\\\/\",\"url\":\"https:\\\/\\\/fundacionfelipegonzalez.org\\\/gl\\\/cookies\\\/\",\"name\":\"Cookies - Fundaci\u00f3n Felipe Gonz\u00e1lez\",\"isPartOf\":{\"@id\":\"https:\\\/\\\/fundacionfelipegonzalez.org\\\/gl\\\/#website\"},\"primaryImageOfPage\":{\"@id\":\"https:\\\/\\\/fundacionfelipegonzalez.org\\\/gl\\\/cookies\\\/#primaryimage\"},\"image\":{\"@id\":\"https:\\\/\\\/fundacionfelipegonzalez.org\\\/gl\\\/cookies\\\/#primaryimage\"},\"thumbnailUrl\":\"https:\\\/\\\/s1.fundacionfelipegonzalez.org\\\/wp-content\\\/uploads\\\/2021\\\/02\\\/Captura-de-pantalla-2021-02-16-a-las-13.11.23.png\",\"datePublished\":\"2025-07-08T05:43:11+00:00\",\"breadcrumb\":{\"@id\":\"https:\\\/\\\/fundacionfelipegonzalez.org\\\/gl\\\/cookies\\\/#breadcrumb\"},\"inLanguage\":\"gl-ES\",\"potentialAction\":[{\"@type\":\"ReadAction\",\"target\":[\"https:\\\/\\\/fundacionfelipegonzalez.org\\\/gl\\\/cookies\\\/\"]}]},{\"@type\":\"ImageObject\",\"inLanguage\":\"gl-ES\",\"@id\":\"https:\\\/\\\/fundacionfelipegonzalez.org\\\/gl\\\/cookies\\\/#primaryimage\",\"url\":\"https:\\\/\\\/s1.fundacionfelipegonzalez.org\\\/wp-content\\\/uploads\\\/2021\\\/02\\\/Captura-de-pantalla-2021-02-16-a-las-13.11.23.png\",\"contentUrl\":\"https:\\\/\\\/s1.fundacionfelipegonzalez.org\\\/wp-content\\\/uploads\\\/2021\\\/02\\\/Captura-de-pantalla-2021-02-16-a-las-13.11.23.png\"},{\"@type\":\"BreadcrumbList\",\"@id\":\"https:\\\/\\\/fundacionfelipegonzalez.org\\\/gl\\\/cookies\\\/#breadcrumb\",\"itemListElement\":[{\"@type\":\"ListItem\",\"position\":1,\"name\":\"Portada\",\"item\":\"https:\\\/\\\/fundacionfelipegonzalez.org\\\/gl\\\/\"},{\"@type\":\"ListItem\",\"position\":2,\"name\":\"Cookies\"}]},{\"@type\":\"WebSite\",\"@id\":\"https:\\\/\\\/fundacionfelipegonzalez.org\\\/gl\\\/#website\",\"url\":\"https:\\\/\\\/fundacionfelipegonzalez.org\\\/gl\\\/\",\"name\":\"Fundaci\u00f3n Felipe Gonz\u00e1lez\",\"description\":\"\",\"publisher\":{\"@id\":\"https:\\\/\\\/fundacionfelipegonzalez.org\\\/gl\\\/#organization\"},\"potentialAction\":[{\"@type\":\"SearchAction\",\"target\":{\"@type\":\"EntryPoint\",\"urlTemplate\":\"https:\\\/\\\/fundacionfelipegonzalez.org\\\/gl\\\/?s={search_term_string}\"},\"query-input\":{\"@type\":\"PropertyValueSpecification\",\"valueRequired\":true,\"valueName\":\"search_term_string\"}}],\"inLanguage\":\"gl-ES\"},{\"@type\":\"Organization\",\"@id\":\"https:\\\/\\\/fundacionfelipegonzalez.org\\\/gl\\\/#organization\",\"name\":\"Fundaci\u00f3n Felipe Gonz\u00e1lez\",\"url\":\"https:\\\/\\\/fundacionfelipegonzalez.org\\\/gl\\\/\",\"logo\":{\"@type\":\"ImageObject\",\"inLanguage\":\"gl-ES\",\"@id\":\"https:\\\/\\\/fundacionfelipegonzalez.org\\\/gl\\\/#\\\/schema\\\/logo\\\/image\\\/\",\"url\":\"https:\\\/\\\/fundacionfelipegonzalez.org\\\/wp-content\\\/uploads\\\/2025\\\/07\\\/logo.png\",\"contentUrl\":\"https:\\\/\\\/fundacionfelipegonzalez.org\\\/wp-content\\\/uploads\\\/2025\\\/07\\\/logo.png\",\"width\":675,\"height\":170,\"caption\":\"Fundaci\u00f3n Felipe Gonz\u00e1lez\"},\"image\":{\"@id\":\"https:\\\/\\\/fundacionfelipegonzalez.org\\\/gl\\\/#\\\/schema\\\/logo\\\/image\\\/\"}}]}<\/script>\n<!-- \/ Yoast SEO plugin. -->","yoast_head_json":{"title":"Cookies - Fundaci\u00f3n Felipe Gonz\u00e1lez","robots":{"index":"index","follow":"follow","max-snippet":"max-snippet:-1","max-image-preview":"max-image-preview:large","max-video-preview":"max-video-preview:-1"},"canonical":"https:\/\/fundacionfelipegonzalez.org\/gl\/cookies\/","og_locale":"gl_ES","og_type":"article","og_title":"Cookies - Fundaci\u00f3n Felipe Gonz\u00e1lez","og_description":"En esta web recopilamos y utilizamos la informaci\u00f3n seg\u00fan indicamos en nuestra pol\u00edtica de privacidad. Una de las formas en las que recopilamos informaci\u00f3n es a trav\u00e9s del uso de la tecnolog\u00eda llamada \u201ccookies\u201d. Utilizamos cookies propias y no de terceros. Esta pol\u00edtica de cookies ha sido actualizada por \u00faltima vez el&nbsp;07\/01\/2021. \u00bfQu\u00e9 es una [&hellip;]","og_url":"https:\/\/fundacionfelipegonzalez.org\/gl\/cookies\/","og_site_name":"Fundaci\u00f3n Felipe Gonz\u00e1lez","og_image":[{"url":"https:\/\/s1.fundacionfelipegonzalez.org\/wp-content\/uploads\/2021\/02\/Captura-de-pantalla-2021-02-16-a-las-13.11.23.png","type":"","width":"","height":""}],"twitter_card":"summary_large_image","twitter_misc":{"Tempo de lectura":"3 minutos"},"schema":{"@context":"https:\/\/schema.org","@graph":[{"@type":"WebPage","@id":"https:\/\/fundacionfelipegonzalez.org\/gl\/cookies\/","url":"https:\/\/fundacionfelipegonzalez.org\/gl\/cookies\/","name":"Cookies - Fundaci\u00f3n Felipe Gonz\u00e1lez","isPartOf":{"@id":"https:\/\/fundacionfelipegonzalez.org\/gl\/#website"},"primaryImageOfPage":{"@id":"https:\/\/fundacionfelipegonzalez.org\/gl\/cookies\/#primaryimage"},"image":{"@id":"https:\/\/fundacionfelipegonzalez.org\/gl\/cookies\/#primaryimage"},"thumbnailUrl":"https:\/\/s1.fundacionfelipegonzalez.org\/wp-content\/uploads\/2021\/02\/Captura-de-pantalla-2021-02-16-a-las-13.11.23.png","datePublished":"2025-07-08T05:43:11+00:00","breadcrumb":{"@id":"https:\/\/fundacionfelipegonzalez.org\/gl\/cookies\/#breadcrumb"},"inLanguage":"gl-ES","potentialAction":[{"@type":"ReadAction","target":["https:\/\/fundacionfelipegonzalez.org\/gl\/cookies\/"]}]},{"@type":"ImageObject","inLanguage":"gl-ES","@id":"https:\/\/fundacionfelipegonzalez.org\/gl\/cookies\/#primaryimage","url":"https:\/\/s1.fundacionfelipegonzalez.org\/wp-content\/uploads\/2021\/02\/Captura-de-pantalla-2021-02-16-a-las-13.11.23.png","contentUrl":"https:\/\/s1.fundacionfelipegonzalez.org\/wp-content\/uploads\/2021\/02\/Captura-de-pantalla-2021-02-16-a-las-13.11.23.png"},{"@type":"BreadcrumbList","@id":"https:\/\/fundacionfelipegonzalez.org\/gl\/cookies\/#breadcrumb","itemListElement":[{"@type":"ListItem","position":1,"name":"Portada","item":"https:\/\/fundacionfelipegonzalez.org\/gl\/"},{"@type":"ListItem","position":2,"name":"Cookies"}]},{"@type":"WebSite","@id":"https:\/\/fundacionfelipegonzalez.org\/gl\/#website","url":"https:\/\/fundacionfelipegonzalez.org\/gl\/","name":"Fundaci\u00f3n Felipe Gonz\u00e1lez","description":"","publisher":{"@id":"https:\/\/fundacionfelipegonzalez.org\/gl\/#organization"},"potentialAction":[{"@type":"SearchAction","target":{"@type":"EntryPoint","urlTemplate":"https:\/\/fundacionfelipegonzalez.org\/gl\/?s={search_term_string}"},"query-input":{"@type":"PropertyValueSpecification","valueRequired":true,"valueName":"search_term_string"}}],"inLanguage":"gl-ES"},{"@type":"Organization","@id":"https:\/\/fundacionfelipegonzalez.org\/gl\/#organization","name":"Fundaci\u00f3n Felipe Gonz\u00e1lez","url":"https:\/\/fundacionfelipegonzalez.org\/gl\/","logo":{"@type":"ImageObject","inLanguage":"gl-ES","@id":"https:\/\/fundacionfelipegonzalez.org\/gl\/#\/schema\/logo\/image\/","url":"https:\/\/fundacionfelipegonzalez.org\/wp-content\/uploads\/2025\/07\/logo.png","contentUrl":"https:\/\/fundacionfelipegonzalez.org\/wp-content\/uploads\/2025\/07\/logo.png","width":675,"height":170,"caption":"Fundaci\u00f3n Felipe Gonz\u00e1lez"},"image":{"@id":"https:\/\/fundacionfelipegonzalez.org\/gl\/#\/schema\/logo\/image\/"}}]}},"_links":{"self":[{"href":"https:\/\/fundacionfelipegonzalez.org\/gl\/wp-json\/wp\/v2\/pages\/10411","targetHints":{"allow":["GET"]}}],"collection":[{"href":"https:\/\/fundacionfelipegonzalez.org\/gl\/wp-json\/wp\/v2\/pages"}],"about":[{"href":"https:\/\/fundacionfelipegonzalez.org\/gl\/wp-json\/wp\/v2\/types\/page"}],"author":[{"embeddable":true,"href":"https:\/\/fundacionfelipegonzalez.org\/gl\/wp-json\/wp\/v2\/users\/2"}],"replies":[{"embeddable":true,"href":"https:\/\/fundacionfelipegonzalez.org\/gl\/wp-json\/wp\/v2\/comments?post=10411"}],"version-history":[{"count":0,"href":"https:\/\/fundacionfelipegonzalez.org\/gl\/wp-json\/wp\/v2\/pages\/10411\/revisions"}],"wp:attachment":[{"href":"https:\/\/fundacionfelipegonzalez.org\/gl\/wp-json\/wp\/v2\/media?parent=10411"}],"curies":[{"name":"wp","href":"https:\/\/api.w.org\/{rel}","templated":true}]}}