{"id":9680,"date":"2025-07-08T07:21:29","date_gmt":"2025-07-08T05:21:29","guid":{"rendered":"https:\/\/fundacionfelipegonzalez-dev.servidortemporal.net\/noticias\/"},"modified":"2025-07-24T08:35:09","modified_gmt":"2025-07-24T06:35:09","slug":"noticias","status":"publish","type":"page","link":"https:\/\/fundacionfelipegonzalez.org\/en\/noticias\/","title":{"rendered":"Noticias"},"content":{"rendered":"<div id=\"9592\" class=\"M20\" style=\"visibility: hidden\">\r\n    <div class=\"news-header-opening\">\r\n        <div class=\"container\">\r\n            <div class=\"h2\"><h1>Noticias<\/h1>\n<\/div>\r\n            <a data-offset=\"180\" data-ref=\"\" data-animation=\"on\" class=\"button\"><span>Noticias\n<\/span><\/a>\r\n        <\/div>\r\n    <\/div>\r\n    <div class=\"container\">\r\n        <div class=\"filtros\">\r\n            <form action=\"\" id=\"filter-form\" method=\"get\" class=\"form\">\r\n                <div class=\"term\">\r\n                    <input type=\"term\" name=\"term\" autocomplete=\"off\" placeholder=\"\u00bfQu\u00e9 quieres buscar?\" value=\"\">\r\n                    <button type=\"submit\">Buscar<\/button>\r\n                <\/div>\r\n                <div class=\"year\">\r\n                                            <select id=\"date\" name=\"date\" data-placeholder=\"Todos los a\u00f1os\">\r\n                            <option value=\"\">\r\n                                Todos los a\u00f1os                            <\/option>\r\n                                                            <option value=\"2017\" >\r\n                                    2017                                <\/option>\r\n                                                    <\/select>\r\n                                    <\/div>\r\n            <\/form>\r\n        <\/div>\r\n    <\/div>\r\n        <div class=\"topSection\">\r\n        <div class=\"articles-list\">\r\n                        <article id=\"postlist_9600\" class=\"article\">\r\n                <div class=\"article-wrapper\">\r\n                    <div class=\"article-container\">\r\n                        <time datetime=\"2017-06-01 12:00:43\">01 June 2017<\/time>\r\n                        <header>\r\n                            <div class=\"h1\">\r\n                                <div>\r\n                                    <a href=\"https:\/\/fundacionfelipegonzalez.org\/en\/millennial-dialogue\/\">Millennial Dialogue<\/a>\r\n                                <\/div>\r\n                            <\/div>\r\n                        <\/header>\r\n                        <div id=\"\" class=\"summary \">\r\n                            <p><\/p>\r\n                        <\/div>\r\n                        <a href=\"https:\/\/fundacionfelipegonzalez.org\/en\/millennial-dialogue\/\" class=\"button\"><span>Leer m\u00e1s<\/span><\/a>\r\n                    <\/div>\r\n                    <div class=\"media \">\r\n                     <span data-flag=\"on\" data-order=\"shift\">\r\n                                                  <img decoding=\"async\" src=\"https:\/\/fundacionfelipegonzalez.org\/wp-content\/uploads\/2017\/05\/md-noticia-1024x640.jpg\" data-src=\"\" alt=\"Millennial Dialogue\" data-width=\" \" data-height=\" \">\r\n                                              <\/span>\r\n                    <\/div>\r\n                <\/div>\r\n            <\/article>\r\n                        <article id=\"postlist_9640\" class=\"article\">\r\n                <div class=\"article-wrapper\">\r\n                    <div class=\"article-container\">\r\n                        <time datetime=\"2017-05-18 09:49:00\">18 May 2017<\/time>\r\n                        <header>\r\n                            <div class=\"h1\">\r\n                                <div>\r\n                                    <a href=\"https:\/\/fundacionfelipegonzalez.org\/en\/presentacion-los-resultados-del-informe-millennial-dialogue-spain\/\">Informe Millennial Dialogue Spain<\/a>\r\n                                <\/div>\r\n                            <\/div>\r\n                        <\/header>\r\n                        <div id=\"\" class=\"summary \">\r\n                            <p><\/p>\r\n                        <\/div>\r\n                        <a href=\"https:\/\/fundacionfelipegonzalez.org\/en\/presentacion-los-resultados-del-informe-millennial-dialogue-spain\/\" class=\"button\"><span>Leer m\u00e1s<\/span><\/a>\r\n                    <\/div>\r\n                    <div class=\"media \">\r\n                     <span data-flag=\"on\" data-order=\"shift\">\r\n                                              <\/span>\r\n                    <\/div>\r\n                <\/div>\r\n            <\/article>\r\n                        <article id=\"postlist_9592\" class=\"article\">\r\n                <div class=\"article-wrapper\">\r\n                    <div class=\"article-container\">\r\n                        <time datetime=\"2017-03-22 13:48:55\">22 March 2017<\/time>\r\n                        <header>\r\n                            <div class=\"h1\">\r\n                                <div>\r\n                                    <a href=\"https:\/\/fundacionfelipegonzalez.org\/en\/quien-manda-aqui-2\/\">\u00bfQui\u00e9n manda aqu\u00ed?<\/a>\r\n                                <\/div>\r\n                            <\/div>\r\n                        <\/header>\r\n                        <div id=\"\" class=\"summary \">\r\n                            <p>La Fundaci\u00f3n Felipe Gonz\u00e1lez y la editorial Debate publican un libro prologado por Felipe Gonz\u00e1lez en el que doce expertos reflexionan sobre la crisis que vive el modelo de gobernanza de las sociedades occidentales.<\/p>\r\n                        <\/div>\r\n                        <a href=\"https:\/\/fundacionfelipegonzalez.org\/en\/quien-manda-aqui-2\/\" class=\"button\"><span>Leer m\u00e1s<\/span><\/a>\r\n                    <\/div>\r\n                    <div class=\"media \">\r\n                     <span data-flag=\"on\" data-order=\"shift\">\r\n                                                      <img decoding=\"async\" src=\"https:\/\/fundacionfelipegonzalez.org\/wp-content\/uploads\/2017\/03\/2.jpg\" data-src=\"\" alt=\"\u00bfQui\u00e9n manda aqu\u00ed?\" data-width=\" \" data-height=\" \">\r\n                                              <\/span>\r\n                    <\/div>\r\n                <\/div>\r\n            <\/article>\r\n        <\/div>\r\n    <\/div>\r\n        <div class=\"articles-list\">\r\n        <div id=\"pagenav_container\">\r\n                                    <article id=\"postlist_9586\" class=\"article\">\r\n                <div class=\"article-wrapper\">\r\n                    <div class=\"article-container\">\r\n                        <header>\r\n                            <div class=\"h1\">\r\n                                <div>\r\n                                    <a href=\"https:\/\/fundacionfelipegonzalez.org\/en\/reescribiendo-las-reglas-eu\/\">Rewriting the Rules (EU)<\/a>\r\n                                <\/div>\r\n                            <\/div>\r\n                        <\/header>\r\n                        <time datetime=\"2017-03-22 13:12:21\">22 March 2017<\/time>\r\n                        <div id=\"\" class=\"summary \">\r\n                            <p>La Fundaci\u00f3n Felipe Gonz\u00e1lez forma parte del Grupo Consultivo de Alto Nivel de la Foundation for European Progressive Studies (FEPS) para el proyecto &#8220;Re\u2013Writing the Rules (UE)&#8221;<\/p>\r\n                        <\/div>\r\n                        <a href=\"https:\/\/fundacionfelipegonzalez.org\/en\/reescribiendo-las-reglas-eu\/\" class=\"button\"><span>Leer m\u00e1s<\/span><\/a>\r\n                    <\/div>\r\n                    <div class=\"media \">\r\n                        <span data-flag=\"on\" data-order=\"shift\">\r\n                                                  <\/span>\r\n                    <\/div>\r\n                <\/div>\r\n            <\/article>\r\n                        <article id=\"postlist_9580\" class=\"article\">\r\n                <div class=\"article-wrapper\">\r\n                    <div class=\"article-container\">\r\n                        <header>\r\n                            <div class=\"h1\">\r\n                                <div>\r\n                                    <a href=\"https:\/\/fundacionfelipegonzalez.org\/en\/quien-manda-aqui\/\">Who&#8217;s in Charge Here?<\/a>\r\n                                <\/div>\r\n                            <\/div>\r\n                        <\/header>\r\n                        <time datetime=\"2017-03-22 13:10:54\">22 March 2017<\/time>\r\n                        <div id=\"\" class=\"summary \">\r\n                            <p>La Fundaci\u00f3n Felipe Gonz\u00e1lez y Debate editan un libro prologado por Felipe Gonz\u00e1lez en el que doce expertos reflexionan sobre la crisis que viven los modelos de gobernanza de las sociedades occidentales<\/p>\r\n                        <\/div>\r\n                        <a href=\"https:\/\/fundacionfelipegonzalez.org\/en\/quien-manda-aqui\/\" class=\"button\"><span>Leer m\u00e1s<\/span><\/a>\r\n                    <\/div>\r\n                    <div class=\"media \">\r\n                        <span data-flag=\"on\" data-order=\"shift\">\r\n                                                      <img decoding=\"async\" src=\"https:\/\/fundacionfelipegonzalez.org\/wp-content\/uploads\/2017\/03\/imagen_FFG.jpg\" data-src=\"\" alt=\"Who's in Charge Here?\" data-width=\" \" data-height=\" \">\r\n                                                  <\/span>\r\n                    <\/div>\r\n                <\/div>\r\n            <\/article>\r\n            \r\n            <div class=\"container\">\r\n                <div class=\"paginacion\">\r\n                                    <\/div>\r\n            <\/div>\r\n                    <\/div>\r\n    <\/div>\r\n    <script>\r\n        document.addEventListener('DOMContentLoaded', function() {\r\n            new SlimSelect({\r\n                select: '[id=\"9592\"] #date',\r\n                settings: {\r\n                    placeholderText: 'Todos los a\u00f1os',\r\n                    allowDeselect: false,\r\n                    showSearch: false,\r\n                },\r\n                events: {\r\n                    afterChange: () => {\r\n                        document.getElementById('filter-form').submit();\r\n                    }\r\n                }\r\n            });\r\n            document.querySelector('[id=\"9592\"]').style.visibility = 'visible';\r\n            document.querySelectorAll('[id=\"9592\"] [data-ref=\"\"]').forEach(button => {\r\n                button.addEventListener('click', (e) => {\r\n                    e.preventDefault();\r\n                    const paginacion = document.querySelector('[id=\"9592\"] .paginacion');\r\n                    if (paginacion) {\r\n                        const offsetTop = paginacion.getBoundingClientRect().top + window.scrollY - 20; \/\/ ajusta offset si es necesario\r\n                        window.scrollTo({ top: offsetTop, behavior: 'smooth' });\r\n                    }\r\n                });\r\n            });\r\n        });\r\n    <\/script>\r\n    <style>\r\n    #9592 {\r\n        margin-top:px;\r\n        margin-bottom:px;\r\n        padding-top:px;\r\n        padding-bottom:px\r\n    }\r\n    @media screen and (max-width: 768px) {\r\n    #9592 {\r\n        margin-top:px;\r\n        margin-bottom:px;\r\n        padding-top:px;\r\n        padding-bottom:px;\r\n    }\r\n    }\r\n<\/style><\/div>","protected":false},"excerpt":{"rendered":"","protected":false},"author":2,"featured_media":0,"parent":0,"menu_order":0,"comment_status":"closed","ping_status":"closed","template":"","meta":{"_acf_changed":false,"footnotes":""},"class_list":["post-9680","page","type-page","status-publish","hentry"],"acf":[],"yoast_head":"<!-- This site is optimized with the Yoast SEO plugin v27.5 - https:\/\/yoast.com\/product\/yoast-seo-wordpress\/ -->\n<title>Noticias - Fundaci\u00f3n Felipe Gonz\u00e1lez<\/title>\n<meta name=\"robots\" content=\"index, follow, max-snippet:-1, max-image-preview:large, max-video-preview:-1\" \/>\n<link rel=\"canonical\" href=\"https:\/\/fundacionfelipegonzalez.org\/en\/noticias\/\" \/>\n<meta property=\"og:locale\" content=\"en_US\" \/>\n<meta property=\"og:type\" content=\"article\" \/>\n<meta property=\"og:title\" content=\"Noticias - Fundaci\u00f3n Felipe Gonz\u00e1lez\" \/>\n<meta property=\"og:url\" content=\"https:\/\/fundacionfelipegonzalez.org\/en\/noticias\/\" \/>\n<meta property=\"og:site_name\" content=\"Fundaci\u00f3n Felipe Gonz\u00e1lez\" \/>\n<meta property=\"article:modified_time\" content=\"2025-07-24T06:35:09+00:00\" \/>\n<meta name=\"twitter:card\" content=\"summary_large_image\" \/>\n<script type=\"application\/ld+json\" class=\"yoast-schema-graph\">{\"@context\":\"https:\\\/\\\/schema.org\",\"@graph\":[{\"@type\":\"WebPage\",\"@id\":\"https:\\\/\\\/fundacionfelipegonzalez.org\\\/en\\\/noticias\\\/\",\"url\":\"https:\\\/\\\/fundacionfelipegonzalez.org\\\/en\\\/noticias\\\/\",\"name\":\"Noticias - Fundaci\u00f3n Felipe Gonz\u00e1lez\",\"isPartOf\":{\"@id\":\"https:\\\/\\\/fundacionfelipegonzalez.org\\\/en\\\/#website\"},\"datePublished\":\"2025-07-08T05:21:29+00:00\",\"dateModified\":\"2025-07-24T06:35:09+00:00\",\"breadcrumb\":{\"@id\":\"https:\\\/\\\/fundacionfelipegonzalez.org\\\/en\\\/noticias\\\/#breadcrumb\"},\"inLanguage\":\"en-US\",\"potentialAction\":[{\"@type\":\"ReadAction\",\"target\":[\"https:\\\/\\\/fundacionfelipegonzalez.org\\\/en\\\/noticias\\\/\"]}]},{\"@type\":\"BreadcrumbList\",\"@id\":\"https:\\\/\\\/fundacionfelipegonzalez.org\\\/en\\\/noticias\\\/#breadcrumb\",\"itemListElement\":[{\"@type\":\"ListItem\",\"position\":1,\"name\":\"Portada\",\"item\":\"https:\\\/\\\/fundacionfelipegonzalez.org\\\/en\\\/\"},{\"@type\":\"ListItem\",\"position\":2,\"name\":\"Noticias\"}]},{\"@type\":\"WebSite\",\"@id\":\"https:\\\/\\\/fundacionfelipegonzalez.org\\\/en\\\/#website\",\"url\":\"https:\\\/\\\/fundacionfelipegonzalez.org\\\/en\\\/\",\"name\":\"Fundaci\u00f3n Felipe Gonz\u00e1lez\",\"description\":\"\",\"publisher\":{\"@id\":\"https:\\\/\\\/fundacionfelipegonzalez.org\\\/en\\\/#organization\"},\"potentialAction\":[{\"@type\":\"SearchAction\",\"target\":{\"@type\":\"EntryPoint\",\"urlTemplate\":\"https:\\\/\\\/fundacionfelipegonzalez.org\\\/en\\\/?s={search_term_string}\"},\"query-input\":{\"@type\":\"PropertyValueSpecification\",\"valueRequired\":true,\"valueName\":\"search_term_string\"}}],\"inLanguage\":\"en-US\"},{\"@type\":\"Organization\",\"@id\":\"https:\\\/\\\/fundacionfelipegonzalez.org\\\/en\\\/#organization\",\"name\":\"Fundaci\u00f3n Felipe Gonz\u00e1lez\",\"url\":\"https:\\\/\\\/fundacionfelipegonzalez.org\\\/en\\\/\",\"logo\":{\"@type\":\"ImageObject\",\"inLanguage\":\"en-US\",\"@id\":\"https:\\\/\\\/fundacionfelipegonzalez.org\\\/en\\\/#\\\/schema\\\/logo\\\/image\\\/\",\"url\":\"https:\\\/\\\/fundacionfelipegonzalez.org\\\/wp-content\\\/uploads\\\/2025\\\/07\\\/logo.png\",\"contentUrl\":\"https:\\\/\\\/fundacionfelipegonzalez.org\\\/wp-content\\\/uploads\\\/2025\\\/07\\\/logo.png\",\"width\":675,\"height\":170,\"caption\":\"Fundaci\u00f3n Felipe Gonz\u00e1lez\"},\"image\":{\"@id\":\"https:\\\/\\\/fundacionfelipegonzalez.org\\\/en\\\/#\\\/schema\\\/logo\\\/image\\\/\"}}]}<\/script>\n<!-- \/ Yoast SEO plugin. -->","yoast_head_json":{"title":"Noticias - Fundaci\u00f3n Felipe Gonz\u00e1lez","robots":{"index":"index","follow":"follow","max-snippet":"max-snippet:-1","max-image-preview":"max-image-preview:large","max-video-preview":"max-video-preview:-1"},"canonical":"https:\/\/fundacionfelipegonzalez.org\/en\/noticias\/","og_locale":"en_US","og_type":"article","og_title":"Noticias - Fundaci\u00f3n Felipe Gonz\u00e1lez","og_url":"https:\/\/fundacionfelipegonzalez.org\/en\/noticias\/","og_site_name":"Fundaci\u00f3n Felipe Gonz\u00e1lez","article_modified_time":"2025-07-24T06:35:09+00:00","twitter_card":"summary_large_image","schema":{"@context":"https:\/\/schema.org","@graph":[{"@type":"WebPage","@id":"https:\/\/fundacionfelipegonzalez.org\/en\/noticias\/","url":"https:\/\/fundacionfelipegonzalez.org\/en\/noticias\/","name":"Noticias - Fundaci\u00f3n Felipe Gonz\u00e1lez","isPartOf":{"@id":"https:\/\/fundacionfelipegonzalez.org\/en\/#website"},"datePublished":"2025-07-08T05:21:29+00:00","dateModified":"2025-07-24T06:35:09+00:00","breadcrumb":{"@id":"https:\/\/fundacionfelipegonzalez.org\/en\/noticias\/#breadcrumb"},"inLanguage":"en-US","potentialAction":[{"@type":"ReadAction","target":["https:\/\/fundacionfelipegonzalez.org\/en\/noticias\/"]}]},{"@type":"BreadcrumbList","@id":"https:\/\/fundacionfelipegonzalez.org\/en\/noticias\/#breadcrumb","itemListElement":[{"@type":"ListItem","position":1,"name":"Portada","item":"https:\/\/fundacionfelipegonzalez.org\/en\/"},{"@type":"ListItem","position":2,"name":"Noticias"}]},{"@type":"WebSite","@id":"https:\/\/fundacionfelipegonzalez.org\/en\/#website","url":"https:\/\/fundacionfelipegonzalez.org\/en\/","name":"Fundaci\u00f3n Felipe Gonz\u00e1lez","description":"","publisher":{"@id":"https:\/\/fundacionfelipegonzalez.org\/en\/#organization"},"potentialAction":[{"@type":"SearchAction","target":{"@type":"EntryPoint","urlTemplate":"https:\/\/fundacionfelipegonzalez.org\/en\/?s={search_term_string}"},"query-input":{"@type":"PropertyValueSpecification","valueRequired":true,"valueName":"search_term_string"}}],"inLanguage":"en-US"},{"@type":"Organization","@id":"https:\/\/fundacionfelipegonzalez.org\/en\/#organization","name":"Fundaci\u00f3n Felipe Gonz\u00e1lez","url":"https:\/\/fundacionfelipegonzalez.org\/en\/","logo":{"@type":"ImageObject","inLanguage":"en-US","@id":"https:\/\/fundacionfelipegonzalez.org\/en\/#\/schema\/logo\/image\/","url":"https:\/\/fundacionfelipegonzalez.org\/wp-content\/uploads\/2025\/07\/logo.png","contentUrl":"https:\/\/fundacionfelipegonzalez.org\/wp-content\/uploads\/2025\/07\/logo.png","width":675,"height":170,"caption":"Fundaci\u00f3n Felipe Gonz\u00e1lez"},"image":{"@id":"https:\/\/fundacionfelipegonzalez.org\/en\/#\/schema\/logo\/image\/"}}]}},"_links":{"self":[{"href":"https:\/\/fundacionfelipegonzalez.org\/en\/wp-json\/wp\/v2\/pages\/9680","targetHints":{"allow":["GET"]}}],"collection":[{"href":"https:\/\/fundacionfelipegonzalez.org\/en\/wp-json\/wp\/v2\/pages"}],"about":[{"href":"https:\/\/fundacionfelipegonzalez.org\/en\/wp-json\/wp\/v2\/types\/page"}],"author":[{"embeddable":true,"href":"https:\/\/fundacionfelipegonzalez.org\/en\/wp-json\/wp\/v2\/users\/2"}],"replies":[{"embeddable":true,"href":"https:\/\/fundacionfelipegonzalez.org\/en\/wp-json\/wp\/v2\/comments?post=9680"}],"version-history":[{"count":1,"href":"https:\/\/fundacionfelipegonzalez.org\/en\/wp-json\/wp\/v2\/pages\/9680\/revisions"}],"predecessor-version":[{"id":9685,"href":"https:\/\/fundacionfelipegonzalez.org\/en\/wp-json\/wp\/v2\/pages\/9680\/revisions\/9685"}],"wp:attachment":[{"href":"https:\/\/fundacionfelipegonzalez.org\/en\/wp-json\/wp\/v2\/media?parent=9680"}],"curies":[{"name":"wp","href":"https:\/\/api.w.org\/{rel}","templated":true}]}}