{"id":10405,"date":"2025-07-08T07:42:59","date_gmt":"2025-07-08T05:42:59","guid":{"rendered":"https:\/\/fundacionfelipegonzalez-stg.servidortemporal.net\/aviso-legal\/"},"modified":"2025-07-08T07:42:59","modified_gmt":"2025-07-08T05:42:59","slug":"aviso-legal","status":"publish","type":"page","link":"https:\/\/fundacionfelipegonzalez.org\/ca\/aviso-legal\/","title":{"rendered":"Aviso legal"},"content":{"rendered":"\n<ol class=\"wp-block-list\">\n<li><strong>RECOMENDACI\u00d3N PREVIA, MODIFICACI\u00d3N UNILATERAL Y DURACI\u00d3N<\/strong><\/li>\n<\/ol>\n\n\n\n<p>Por favor, lea todos los apartados del presente aviso legal y nuestra pol\u00edtica de privacidad antes de utilizar este website. Las siguientes condiciones son vinculantes para cualquier usuario.&nbsp;<strong>D<\/strong><strong>ocumento revisado el 07\/01\/2021.<\/strong><\/p>\n\n\n\n<p>En cumplimiento del deber de informaci\u00f3n dispuesto en la Ley 34\/2002 de Servicios de la Sociedad de la Informaci\u00f3n y el Comercio Electr\u00f3nico (LSSI-CE) de 11 de julio, se facilitan a continuaci\u00f3n los siguientes datos de informaci\u00f3n general de este sitio web, en adelante PORTAL.<\/p>\n\n\n\n<p>FUNDACION FELIPE GONZALEZ se reserva el derecho de modificar, en cualquier momento y sin necesidad de previo aviso, la presentaci\u00f3n y configuraci\u00f3n tanto del PORTAL como del presente aviso legal.<\/p>\n\n\n\n<ol class=\"wp-block-list\">\n<li><strong>INTRODUCCI\u00d3N, DATOS IDENTIFICATIVOS Y USUARIOS<\/strong><\/li>\n<\/ol>\n\n\n\n<p>El presente aviso legal y nuestra pol\u00edtica de privacidad regulan el uso del servicio del PORTAL de Internet, inform\u00e1ndole en cumplimiento de la Ley 34\/2002, de 11 de julio lo siguiente:<\/p>\n\n\n\n<ul class=\"wp-block-list\">\n<li>Denominaci\u00f3n: FUNDACION FELIPE GONZALEZ<\/li>\n\n\n\n<li>NIF: G86765179<\/li>\n\n\n\n<li>N\u00famero Inscripci\u00f3n en el Registro de Fundaciones: 1.599<\/li>\n\n\n\n<li>Correo electr\u00f3nico<a href=\"mailto:info@fundacionfelipegonzalez.org\">info@fundacionfelipegonzalez.org<\/a>\u00a0\u00a0\u00a0Tel\u00e9fono: 915 13 49 45<\/li>\n\n\n\n<li>Delegado de Protecci\u00f3n de Datos:<a href=\"mailto:dpo@fundacionfelipegonzalez.org\">dpo@fundacionfelipegonzalez.org<\/a><\/li>\n\n\n\n<li>Domicilio social: Calle Fuenterrab\u00eda, 2 28014-Madrid<\/li>\n\n\n\n<li>Actividad: Gesti\u00f3n del archivo de Felipe Gonz\u00e1lez; organizaci\u00f3n y apoyo a actividades y proyectos de progreso y futuro.<\/li>\n\n\n\n<li>Finalidad de la p\u00e1gina web: Dar a conocer nuestras actividades, informar, contacto, proyectos y eventos.<\/li>\n<\/ul>\n\n\n\n<p>El presente documento tiene por objeto establecer los t\u00e9rminos y condiciones generales de uso del PORTAL que son de obligada aceptaci\u00f3n y cumplimiento por parte de todos las personas, profesionales y empresas (en adelante el USUARIO), que deseen hacer uso de estos (actuales o nuevos servicios que FUNDACION FELIPE GONZALEZ preste en el futuro a trav\u00e9s del PORTAL).<\/p>\n\n\n\n<ol start=\"2\" class=\"wp-block-list\">\n<li><strong>OBLIGACIONES USUARIOS, USO DEL SITIO WEB, SUS SERVICIOS Y CONTENIDOS<\/strong><\/li>\n<\/ol>\n\n\n\n<p>El usuario se compromete a utilizar el portal, el contenido y servicios, sin contravenir la legislaci\u00f3n vigente, los usos generalmente aceptados y el orden p\u00fablico. Queda prohibido, el uso del Web con fines il\u00edcitos o lesivos contra FUNDACION FELIPE GONZALEZ o un tercero, que, de cualquier forma, puedan causar perjuicio o impedir el normal uso del PORTAL.<\/p>\n\n\n\n<p>FUNDACION FELIPE GONZALEZ garantiza que los contenidos y servicios que ofrece el portal respetan el principio de dignidad de la persona, de protecci\u00f3n de la juventud y la infancia, de no-discriminaci\u00f3n por motivos de raza, sexo, religi\u00f3n, opini\u00f3n, nacionalidad, discapacidad o cualquier otro aspecto personal y social. FUNDACION FELIPE GONZALEZ se reserva el derecho de retirar todos aquellos comentarios y aportaciones que vulneren la ley o no respetan los principios se\u00f1alados.<\/p>\n\n\n\n<p>Las presentes Condiciones Generales de Uso del PORTAL no confieren al USUARIO ning\u00fan otro derecho de uso, alteraci\u00f3n, explotaci\u00f3n, reproducci\u00f3n, distribuci\u00f3n o comunicaci\u00f3n p\u00fablica del Portal y\/o de sus Contenidos distintos de los aqu\u00ed expresamente previstos. Los contenidos (informaci\u00f3n, archivos de sonido y\/o imagen, fotograf\u00edas, dise\u00f1os, etc.) recogidos en el portal, son propiedad de FUNDACION FELIPE GONZALEZ o se encuentra debidamente autorizada para su difusi\u00f3n por sus leg\u00edtimos titulares. FUNDACION FELIPE GONZALEZ se compromete a no realizar publicidad enga\u00f1osa y, por tanto, queda prohibido:<\/p>\n\n\n\n<ul class=\"wp-block-list\">\n<li>El uso para todo tipo de fines comerciales o publicitarios, distintos de los estrictamente permitidos.<\/li>\n\n\n\n<li>Su reproducci\u00f3n, publicaci\u00f3n, distribuci\u00f3n o modificaci\u00f3n, total o parcial a menos que se cuente con la autorizaci\u00f3n previa y por escrito de sus leg\u00edtimos titulares o resulte legalmente permitido.<\/li>\n\n\n\n<li>Cualquier vulneraci\u00f3n de los derechos de FUNDACION FELIPE GONZALEZ o de sus leg\u00edtimos titulares sobre los mismos.<\/li>\n<\/ul>\n\n\n\n<ol start=\"3\" class=\"wp-block-list\">\n<li><strong>ENLACES<\/strong><\/li>\n<\/ol>\n\n\n\n<p>El PORTAL puede proporcionar enlaces a otros sitios web y contenidos que son propiedad de terceros. El \u00fanico objeto de los enlaces es proporcionar al usuario la posibilidad de acceder a dichos enlaces. FUNDACION FELIPE GONZALEZ no se responsabiliza en ning\u00fan caso de los resultados que puedan derivarse al usuario por acceso a dichos enlaces.<\/p>\n\n\n\n<p>El usuario que se proponga establecer cualquier dispositivo t\u00e9cnico de enlace desde su sitio web al PORTAL deber\u00e1 obtener la autorizaci\u00f3n previa y escrita de FUNDACION FELIPE GONZALEZ. El establecimiento del enlace no implica en ning\u00fan caso la existencia de relaciones entre el PORTAL y el propietario del sitio en el que se establezca el enlace, ni la aceptaci\u00f3n o aprobaci\u00f3n por parte del PORTAL de sus contenidos o servicios.<\/p>\n\n\n\n<ol start=\"4\" class=\"wp-block-list\">\n<li><strong>EXCLUSI\u00d3N DE GARANT\u00cdAS Y RESPONSABILIDAD<\/strong><\/li>\n<\/ol>\n\n\n\n<p>FUNDACION FELIPE GONZALEZ no otorga ninguna garant\u00eda ni se hace responsable, en ning\u00fan caso, de los da\u00f1os y perjuicios de cualquier naturaleza que pudieran acarrear a causa de:<\/p>\n\n\n\n<ul class=\"wp-block-list\">\n<li>La falta disponibilidad, mantenimiento y efectivo funcionamiento de la Web y\/o de sus servicios o contenidos.<\/li>\n\n\n\n<li>La existencia de virus, programas maliciosos o lesivos en los contenidos.<\/li>\n\n\n\n<li>El uso il\u00edcito, negligente, fraudulento, contrario a las presentes Condiciones Generales, a la buena fe, a los usos generalmente aceptados o al orden p\u00fablico, del sitio Web, sus servicios o contenidos, por parte de los usuarios.<\/li>\n<\/ul>\n\n\n\n<ol start=\"5\" class=\"wp-block-list\">\n<li><strong>TRATAMIENTO DE DATOS PERSONALES<\/strong><\/li>\n<\/ol>\n\n\n\n<p>FUNDACION FELIPE GONZALEZ, tal y como recoge en su \u201cPOLITICA DE PRIVACIDAD\u201d, que puede consultar en los textos legales de este PORTAL, ha adoptado los niveles de seguridad adecuados a los datos que trata y gestiona, incorporando todos los medios y medidas t\u00e9cnicas a su alcance para garantizar su confidencialidad, evitar su mal uso, p\u00e9rdida, alteraci\u00f3n, acceso no autorizado y robo.<\/p>\n\n\n\n<ol start=\"6\" class=\"wp-block-list\">\n<li><strong>LEGISLACI\u00d3N APLICABLE Y JURISDICCI\u00d3N<\/strong><\/li>\n<\/ol>\n\n\n\n<p>Las presentes Condiciones Generales se regir\u00e1n por la legislaci\u00f3n espa\u00f1ola, sometidas a los juzgados y tribunales de la ciudad de Madrid (Espa\u00f1a) ante cualquier controversia derivada del acceso al PORTAL.<\/p>\n\n\n\n<ol start=\"7\" class=\"wp-block-list\">\n<li><strong>CONTACTO<\/strong><\/li>\n<\/ol>\n\n\n\n<p>En caso de que cualquier Usuario tuviese alguna duda acerca de este aviso legal o cualquier comentario sobre la web puede dirigirse a&nbsp;<a href=\"mailto:dpo@fundacionfelipegonzalez.org\">dpo@fundacionfelipegonzalez.org<\/a><\/p>\n\n\n\n<h2 class=\"wp-block-heading\">PROPIEDAD INTELECTUAL<\/h2>\n\n\n\n<p>El usuario de la web fundacionfelipegonzalez.org, titularidad de la FUNDACION FELIPE GONZALEZ reconoce y acepta que todos los derechos de propiedad industrial e intelectual sobre los contenidos y\/o cualesquiera otros elementos insertados en el presente sitio web pertenecen a FUNDACION FELIPE GONZALEZ o se encuentra debidamente autorizada para su difusi\u00f3n. En el caso de que un usuario o un tercero consideren que se ha producido una violaci\u00f3n de sus leg\u00edtimos derechos de propiedad intelectual por la introducci\u00f3n de un determinado contenido en el sitio web, deber\u00e1 notificar dicha circunstancia a FUNDACION FELIPE GONZALEZ indicando:<\/p>\n\n\n\n<ul class=\"wp-block-list\">\n<li>Datos personales del interesado titular de los derechos presuntamente infringidos, o indicar la representaci\u00f3n con la que act\u00faa en caso de que la reclamaci\u00f3n la presente un tercero distinto del interesado.<\/li>\n\n\n\n<li>Se\u00f1alar los contenidos protegidos por los derechos de propiedad intelectual y su ubicaci\u00f3n en el sitio web, la acreditaci\u00f3n de los derechos de propiedad intelectual se\u00f1alados y declaraci\u00f3n expresa en la que el interesado se responsabiliza de la veracidad de las informaciones facilitadas en la notificaci\u00f3n.<\/li>\n<\/ul>\n\n\n\n<p>El usuario no puede reproducir, copiar, distribuir, poner a disposici\u00f3n o de cualquier otra forma de comunicar p\u00fablicamente, transformar o modificar los contenidos, a menos que cuente con la autorizaci\u00f3n expresa y por escrito de la Fundaci\u00f3n o disponga de una habilitaci\u00f3n legal.<\/p>\n\n\n\n<p>Las fotograf\u00edas y contenidos de la web son titularidad exclusiva de la Fundaci\u00f3n, o de terceros que han autorizado su inclusi\u00f3n en el sitio web incluyendo, con car\u00e1cter enunciativo, que no limitativo, el dise\u00f1o gr\u00e1fico, c\u00f3digo fuente, logos, textos, gr\u00e1ficos, ilustraciones, fotograf\u00edas y cualquier otro elemento que aparezca en la web.<\/p>\n","protected":false},"excerpt":{"rendered":"<p>Por favor, lea todos los apartados del presente aviso legal y nuestra pol\u00edtica de privacidad antes de utilizar este website. Las siguientes condiciones son vinculantes para cualquier usuario.&nbsp;Documento revisado el 07\/01\/2021. En cumplimiento del deber de informaci\u00f3n dispuesto en la Ley 34\/2002 de Servicios de la Sociedad de la Informaci\u00f3n y el Comercio Electr\u00f3nico (LSSI-CE) [&hellip;]<\/p>\n","protected":false},"author":2,"featured_media":0,"parent":0,"menu_order":0,"comment_status":"closed","ping_status":"closed","template":"page-templates\/template-legals.php","meta":{"_acf_changed":false,"footnotes":""},"class_list":["post-10405","page","type-page","status-publish","hentry"],"acf":[],"yoast_head":"<!-- This site is optimized with the Yoast SEO plugin v27.5 - https:\/\/yoast.com\/product\/yoast-seo-wordpress\/ -->\n<title>Aviso legal - Fundaci\u00f3n Felipe Gonz\u00e1lez<\/title>\n<meta name=\"robots\" content=\"index, follow, max-snippet:-1, max-image-preview:large, max-video-preview:-1\" \/>\n<link rel=\"canonical\" href=\"https:\/\/fundacionfelipegonzalez.org\/ca\/aviso-legal\/\" \/>\n<meta property=\"og:locale\" content=\"ca_ES\" \/>\n<meta property=\"og:type\" content=\"article\" \/>\n<meta property=\"og:title\" content=\"Aviso legal - Fundaci\u00f3n Felipe Gonz\u00e1lez\" \/>\n<meta property=\"og:description\" content=\"Por favor, lea todos los apartados del presente aviso legal y nuestra pol\u00edtica de privacidad antes de utilizar este website. Las siguientes condiciones son vinculantes para cualquier usuario.&nbsp;Documento revisado el 07\/01\/2021. En cumplimiento del deber de informaci\u00f3n dispuesto en la Ley 34\/2002 de Servicios de la Sociedad de la Informaci\u00f3n y el Comercio Electr\u00f3nico (LSSI-CE) [&hellip;]\" \/>\n<meta property=\"og:url\" content=\"https:\/\/fundacionfelipegonzalez.org\/ca\/aviso-legal\/\" \/>\n<meta property=\"og:site_name\" content=\"Fundaci\u00f3n Felipe Gonz\u00e1lez\" \/>\n<meta name=\"twitter:card\" content=\"summary_large_image\" \/>\n<meta name=\"twitter:label1\" content=\"Temps estimat de lectura\" \/>\n\t<meta name=\"twitter:data1\" content=\"6 minuts\" \/>\n<script type=\"application\/ld+json\" class=\"yoast-schema-graph\">{\"@context\":\"https:\\\/\\\/schema.org\",\"@graph\":[{\"@type\":\"WebPage\",\"@id\":\"https:\\\/\\\/fundacionfelipegonzalez.org\\\/ca\\\/aviso-legal\\\/\",\"url\":\"https:\\\/\\\/fundacionfelipegonzalez.org\\\/ca\\\/aviso-legal\\\/\",\"name\":\"Aviso legal - Fundaci\u00f3n Felipe Gonz\u00e1lez\",\"isPartOf\":{\"@id\":\"https:\\\/\\\/fundacionfelipegonzalez.org\\\/ca\\\/#website\"},\"datePublished\":\"2025-07-08T05:42:59+00:00\",\"breadcrumb\":{\"@id\":\"https:\\\/\\\/fundacionfelipegonzalez.org\\\/ca\\\/aviso-legal\\\/#breadcrumb\"},\"inLanguage\":\"ca\",\"potentialAction\":[{\"@type\":\"ReadAction\",\"target\":[\"https:\\\/\\\/fundacionfelipegonzalez.org\\\/ca\\\/aviso-legal\\\/\"]}]},{\"@type\":\"BreadcrumbList\",\"@id\":\"https:\\\/\\\/fundacionfelipegonzalez.org\\\/ca\\\/aviso-legal\\\/#breadcrumb\",\"itemListElement\":[{\"@type\":\"ListItem\",\"position\":1,\"name\":\"Portada\",\"item\":\"https:\\\/\\\/fundacionfelipegonzalez.org\\\/ca\\\/\"},{\"@type\":\"ListItem\",\"position\":2,\"name\":\"Aviso legal\"}]},{\"@type\":\"WebSite\",\"@id\":\"https:\\\/\\\/fundacionfelipegonzalez.org\\\/ca\\\/#website\",\"url\":\"https:\\\/\\\/fundacionfelipegonzalez.org\\\/ca\\\/\",\"name\":\"Fundaci\u00f3n Felipe Gonz\u00e1lez\",\"description\":\"\",\"publisher\":{\"@id\":\"https:\\\/\\\/fundacionfelipegonzalez.org\\\/ca\\\/#organization\"},\"potentialAction\":[{\"@type\":\"SearchAction\",\"target\":{\"@type\":\"EntryPoint\",\"urlTemplate\":\"https:\\\/\\\/fundacionfelipegonzalez.org\\\/ca\\\/?s={search_term_string}\"},\"query-input\":{\"@type\":\"PropertyValueSpecification\",\"valueRequired\":true,\"valueName\":\"search_term_string\"}}],\"inLanguage\":\"ca\"},{\"@type\":\"Organization\",\"@id\":\"https:\\\/\\\/fundacionfelipegonzalez.org\\\/ca\\\/#organization\",\"name\":\"Fundaci\u00f3n Felipe Gonz\u00e1lez\",\"url\":\"https:\\\/\\\/fundacionfelipegonzalez.org\\\/ca\\\/\",\"logo\":{\"@type\":\"ImageObject\",\"inLanguage\":\"ca\",\"@id\":\"https:\\\/\\\/fundacionfelipegonzalez.org\\\/ca\\\/#\\\/schema\\\/logo\\\/image\\\/\",\"url\":\"https:\\\/\\\/fundacionfelipegonzalez.org\\\/wp-content\\\/uploads\\\/2025\\\/07\\\/logo.png\",\"contentUrl\":\"https:\\\/\\\/fundacionfelipegonzalez.org\\\/wp-content\\\/uploads\\\/2025\\\/07\\\/logo.png\",\"width\":675,\"height\":170,\"caption\":\"Fundaci\u00f3n Felipe Gonz\u00e1lez\"},\"image\":{\"@id\":\"https:\\\/\\\/fundacionfelipegonzalez.org\\\/ca\\\/#\\\/schema\\\/logo\\\/image\\\/\"}}]}<\/script>\n<!-- \/ Yoast SEO plugin. -->","yoast_head_json":{"title":"Aviso legal - Fundaci\u00f3n Felipe Gonz\u00e1lez","robots":{"index":"index","follow":"follow","max-snippet":"max-snippet:-1","max-image-preview":"max-image-preview:large","max-video-preview":"max-video-preview:-1"},"canonical":"https:\/\/fundacionfelipegonzalez.org\/ca\/aviso-legal\/","og_locale":"ca_ES","og_type":"article","og_title":"Aviso legal - Fundaci\u00f3n Felipe Gonz\u00e1lez","og_description":"Por favor, lea todos los apartados del presente aviso legal y nuestra pol\u00edtica de privacidad antes de utilizar este website. Las siguientes condiciones son vinculantes para cualquier usuario.&nbsp;Documento revisado el 07\/01\/2021. En cumplimiento del deber de informaci\u00f3n dispuesto en la Ley 34\/2002 de Servicios de la Sociedad de la Informaci\u00f3n y el Comercio Electr\u00f3nico (LSSI-CE) [&hellip;]","og_url":"https:\/\/fundacionfelipegonzalez.org\/ca\/aviso-legal\/","og_site_name":"Fundaci\u00f3n Felipe Gonz\u00e1lez","twitter_card":"summary_large_image","twitter_misc":{"Temps estimat de lectura":"6 minuts"},"schema":{"@context":"https:\/\/schema.org","@graph":[{"@type":"WebPage","@id":"https:\/\/fundacionfelipegonzalez.org\/ca\/aviso-legal\/","url":"https:\/\/fundacionfelipegonzalez.org\/ca\/aviso-legal\/","name":"Aviso legal - Fundaci\u00f3n Felipe Gonz\u00e1lez","isPartOf":{"@id":"https:\/\/fundacionfelipegonzalez.org\/ca\/#website"},"datePublished":"2025-07-08T05:42:59+00:00","breadcrumb":{"@id":"https:\/\/fundacionfelipegonzalez.org\/ca\/aviso-legal\/#breadcrumb"},"inLanguage":"ca","potentialAction":[{"@type":"ReadAction","target":["https:\/\/fundacionfelipegonzalez.org\/ca\/aviso-legal\/"]}]},{"@type":"BreadcrumbList","@id":"https:\/\/fundacionfelipegonzalez.org\/ca\/aviso-legal\/#breadcrumb","itemListElement":[{"@type":"ListItem","position":1,"name":"Portada","item":"https:\/\/fundacionfelipegonzalez.org\/ca\/"},{"@type":"ListItem","position":2,"name":"Aviso legal"}]},{"@type":"WebSite","@id":"https:\/\/fundacionfelipegonzalez.org\/ca\/#website","url":"https:\/\/fundacionfelipegonzalez.org\/ca\/","name":"Fundaci\u00f3n Felipe Gonz\u00e1lez","description":"","publisher":{"@id":"https:\/\/fundacionfelipegonzalez.org\/ca\/#organization"},"potentialAction":[{"@type":"SearchAction","target":{"@type":"EntryPoint","urlTemplate":"https:\/\/fundacionfelipegonzalez.org\/ca\/?s={search_term_string}"},"query-input":{"@type":"PropertyValueSpecification","valueRequired":true,"valueName":"search_term_string"}}],"inLanguage":"ca"},{"@type":"Organization","@id":"https:\/\/fundacionfelipegonzalez.org\/ca\/#organization","name":"Fundaci\u00f3n Felipe Gonz\u00e1lez","url":"https:\/\/fundacionfelipegonzalez.org\/ca\/","logo":{"@type":"ImageObject","inLanguage":"ca","@id":"https:\/\/fundacionfelipegonzalez.org\/ca\/#\/schema\/logo\/image\/","url":"https:\/\/fundacionfelipegonzalez.org\/wp-content\/uploads\/2025\/07\/logo.png","contentUrl":"https:\/\/fundacionfelipegonzalez.org\/wp-content\/uploads\/2025\/07\/logo.png","width":675,"height":170,"caption":"Fundaci\u00f3n Felipe Gonz\u00e1lez"},"image":{"@id":"https:\/\/fundacionfelipegonzalez.org\/ca\/#\/schema\/logo\/image\/"}}]}},"_links":{"self":[{"href":"https:\/\/fundacionfelipegonzalez.org\/ca\/wp-json\/wp\/v2\/pages\/10405","targetHints":{"allow":["GET"]}}],"collection":[{"href":"https:\/\/fundacionfelipegonzalez.org\/ca\/wp-json\/wp\/v2\/pages"}],"about":[{"href":"https:\/\/fundacionfelipegonzalez.org\/ca\/wp-json\/wp\/v2\/types\/page"}],"author":[{"embeddable":true,"href":"https:\/\/fundacionfelipegonzalez.org\/ca\/wp-json\/wp\/v2\/users\/2"}],"replies":[{"embeddable":true,"href":"https:\/\/fundacionfelipegonzalez.org\/ca\/wp-json\/wp\/v2\/comments?post=10405"}],"version-history":[{"count":0,"href":"https:\/\/fundacionfelipegonzalez.org\/ca\/wp-json\/wp\/v2\/pages\/10405\/revisions"}],"wp:attachment":[{"href":"https:\/\/fundacionfelipegonzalez.org\/ca\/wp-json\/wp\/v2\/media?parent=10405"}],"curies":[{"name":"wp","href":"https:\/\/api.w.org\/{rel}","templated":true}]}}